{"id":125,"date":"2008-10-13T09:13:56","date_gmt":"2008-10-13T08:13:56","guid":{"rendered":"http:\/\/ncf877.eden3.netclusive.de\/tvq-tischtennis\/wordpress\/?page_id=125"},"modified":"2009-11-21T00:29:37","modified_gmt":"2009-11-20T23:29:37","slug":"75-jahre-tvq-tt","status":"publish","type":"page","link":"https:\/\/www.tvq-tischtennis.de\/?page_id=125","title":{"rendered":"75 Jahre TVQ-TT"},"content":{"rendered":"<p><em><strong>Am Wochenende des 18.\/19. Oktober 2008 feierte die Sparte Tischtennis im TV Quierschied ihr 75-j\u00e4hriges Bestehen. <\/strong><\/em><\/p>\n<h4>Gru\u00dfwort von Thomas Weikert (Pr\u00e4sident DTTB) <img loading=\"lazy\" decoding=\"async\" class=\"alignright\" style=\"float: right;\" src=\"http:\/\/www.tvq-tischtennis.de\/wp-content\/uploads\/2008\/10\/weikertportrait.jpg\" alt=\"Thomas Weikert\" width=\"120\" height=\"158\" \/><\/h4>\n<p>Wer in unserer schnellebigen Zeit als Sportorganisation auf eine 75-j\u00e4hrige Geschichte und Tradition zur\u00fcckblicken darf, der hat in unserem Sport vieles erreicht, erlebt und auch bewegt. Somit geht mein ganz pers\u00f6nlicher herzlicher Gl\u00fcckwunsch an den TV Quierschied, der in diesen Tagen ein dreiviertel Jahrhundert alt wird und dies geb\u00fchrend feiert. Denn eines ist sicher: Ein 75-j\u00e4hriges Jubil\u00e4um ist auch im Sport alles andere als allt\u00e4glich.<\/p>\n<p>Tradition und Engagement z\u00e4hlen ebenso wie eine intensive Vereinsarbeit in allen Altersklassen zu den S\u00e4ulen erfolgreicher Sportvereine. Dies dr\u00fcckt sich nicht zuletzt stets in einer engagierten Jugendarbeit aus, wie sie auch beim TV Quierschied deutlich ist und Fr\u00fcchte tr\u00e4gt. Das Bem\u00fchen um die Jugend und die Integration der verschiedenen Altersklassen in einem Verein ist eine der wertvollsten und wichtigsten Aufgaben unseres Sports in der Gesellschaft. In Quierschied werden diese Werte ernst genommen und gepflegt. Dar\u00fcber hinaus ist der Verein stets um die positive Darstellung des Tischtennissports bem\u00fcht, auch mit der Ausrichtung von Veranstaltungen. Ich selbst kann mich an ein L\u00e4nderspiel der deutschen Damen erinnern, welches mich in den 90er Jahren nach Quierschied gef\u00fchrt hat.<\/p>\n<p>Gr\u00fcnde gibt es also ausreichend, dass sich der Deutsche Tischtennis-Bund zu diesem besonderen Anlass in die Schar der Gratulanten einreihen m\u00f6chte.<br \/>\nZum 75-j\u00e4hrigen Jubil\u00e4um darf ich Ihnen die Gr\u00fc\u00dfe des Pr\u00e4sidiums des Deutschen Tischtennis-Bundes \u00fcberbringen und Ihnen auch f\u00fcr die n\u00e4chsten 75 Jahre den Erfolg w\u00fcnschen, den Sie sich erhoffen und zu dem \u2013 dies sollte nie vergessen werden &#8211; jedes Vereinsmitglied in individueller Weise seinen Teil beitr\u00e4gt.<\/p>\n<p>Noch wichtiger als der Erfolg sind jedoch das Wohlbefinden und der R\u00fcckhalt in der Sportfamilie, die ein wichtiger Bestandteil unserer Gesellschaft ist. Ohne Tischtennis-Vereine wie den TV Quierschied w\u00e4re unsere Sportlandschaft ein ganzes St\u00fcck \u00e4rmer. Danke f\u00fcr Ihr fortw\u00e4hrendes und unerm\u00fcdliches Engagement f\u00fcr unseren Sport.<\/p>\n<p><em>Thomas Weikert<br \/>\nPr\u00e4sident des Deutschen Tischtennis-Bundes<\/em><\/p>\n<h4>Gru\u00dfwort von Guido Kapp (Kreissportwart Ostsaar)<img loading=\"lazy\" decoding=\"async\" class=\"alignright\" style=\"float: right;\" src=\"http:\/\/www.tvq-tischtennis.de\/wp-content\/uploads\/2008\/10\/kappguido.jpg\" alt=\"Guido Kapp\" width=\"119\" height=\"150\" \/><\/h4>\n<p>Die Sparte Tischtennis im\u00a0\u00a0 Turnverein Quierschied feiert in diesem Jahr ihr 75-j\u00e4hriges Bestehen. Hierzu darf ich die besten Gl\u00fcckw\u00fcnsche des Kreisvorstandes Ostsaar \u00fcberbringen. 75 Jahre Vereinsleben sind ein bedeutendes St\u00fcck in unserem Tischtenniskreis. Insbesondere der TV Quierschied leistete hierzu Pionierarbeit.<\/p>\n<p>Geographisch am Rande unseres Ostsaarkreises gelegen, jedoch Mittelpunkt, insbesondere was die Jugendarbeit angeht. Der kameradschaftliche und sportliche Geist hat diesen Verein gepr\u00e4gt. Erfreulicherweise haben sich viele engagierte Helfer gefunden, die Kinder und Jugendliche immer wieder f\u00fcr unseren sch\u00f6nen Sport motivieren.<\/p>\n<p>Wer einem Verein wie dem TV Quierschied angeh\u00f6rt, erlernt nicht nur das Tischtennisspiel, sondern erlebt auch das Gef\u00fchl der Kameradschaft. Wer in seiner Jugend dieses Gef\u00fchl der Kameradschaft erlebt, wird es sp\u00e4ter in seinem allt\u00e4glichen Leben selbst praktizieren.<br \/>\nBereits seit mehreren Jahrzehnten hat der TV Quierschied eine engagierte Jugendarbeit aufgebaut und geh\u00f6rt somit zu den erfolgreichsten Vereinen im STTB.<\/p>\n<p>Dies kann nur gelingen, wenn sich viele Mitglieder als Helfer engagieren. Deshalb hoffe ich, dass der Abteilung die vielen Helfer noch lange erhalten bleiben, denn mit ihnen steht und f\u00e4llt das Vereinsleben.<\/p>\n<p>Den jetzigen und langj\u00e4hrigen Abteilungsleiter Werner Andres darf ich begl\u00fcckw\u00fcnschen, dass er es \u00fcber Jahre hinweg geschafft hat, Spieler als Funktionstr\u00e4ger in seinen Verein mit einzubinden.<\/p>\n<p>Spieler des TV Quierschied \u00fcbernehmen auch Verantwortung und engagieren sich im Kreisvorstand. So ist unserer Kreiskassenwart und Info-Redakteur Klaus Pitsch schon eine Institution und nicht mehr wegzudenken aus dem Kreisvorstand. Neben dem Kreisschiedsrichterobmann Hermann Pitsch konnte der Ostsaarkreis auch Timo Fl\u00e4tgen als Webmaster gewinnen. So ist der TV Quierschied auch im Kreisvorstand sehr gut vertreten.<\/p>\n<p>Ich w\u00fcnsche dem TV Quierschied\u00a0 weiterhin sportliche Erfolge und ein paar frohe und angenehme Stunden in geselliger Runde.<\/p>\n<p><em>Guido Kapp<br \/>\nTischtennis &#8211; Kreissportwart Ostsaar<\/em><\/p>\n","protected":false},"excerpt":{"rendered":"<p>Am Wochenende des 18.\/19. Oktober 2008 feierte die Sparte Tischtennis im TV Quierschied ihr 75-j\u00e4hriges Bestehen. Gru\u00dfwort von Thomas Weikert (Pr\u00e4sident DTTB) Wer in unserer schnellebigen Zeit als Sportorganisation auf eine 75-j\u00e4hrige Geschichte und Tradition zur\u00fcckblicken darf, der hat in unserem Sport vieles erreicht, erlebt und auch bewegt. Somit geht mein ganz pers\u00f6nlicher herzlicher Gl\u00fcckwunsch [&hellip;]<\/p>\n","protected":false},"author":2,"featured_media":0,"parent":0,"menu_order":0,"comment_status":"open","ping_status":"open","template":"","meta":{"footnotes":""},"class_list":["post-125","page","type-page","status-publish","hentry"],"_links":{"self":[{"href":"https:\/\/www.tvq-tischtennis.de\/index.php?rest_route=\/wp\/v2\/pages\/125","targetHints":{"allow":["GET"]}}],"collection":[{"href":"https:\/\/www.tvq-tischtennis.de\/index.php?rest_route=\/wp\/v2\/pages"}],"about":[{"href":"https:\/\/www.tvq-tischtennis.de\/index.php?rest_route=\/wp\/v2\/types\/page"}],"author":[{"embeddable":true,"href":"https:\/\/www.tvq-tischtennis.de\/index.php?rest_route=\/wp\/v2\/users\/2"}],"replies":[{"embeddable":true,"href":"https:\/\/www.tvq-tischtennis.de\/index.php?rest_route=%2Fwp%2Fv2%2Fcomments&post=125"}],"version-history":[{"count":6,"href":"https:\/\/www.tvq-tischtennis.de\/index.php?rest_route=\/wp\/v2\/pages\/125\/revisions"}],"predecessor-version":[{"id":220,"href":"https:\/\/www.tvq-tischtennis.de\/index.php?rest_route=\/wp\/v2\/pages\/125\/revisions\/220"}],"wp:attachment":[{"href":"https:\/\/www.tvq-tischtennis.de\/index.php?rest_route=%2Fwp%2Fv2%2Fmedia&parent=125"}],"curies":[{"name":"wp","href":"https:\/\/api.w.org\/{rel}","templated":true}]}}